{"id":57,"date":"2021-12-09T16:07:06","date_gmt":"2021-12-09T16:07:06","guid":{"rendered":"https:\/\/ferreteriaborrull.com\/?page_id=57"},"modified":"2025-07-18T10:53:01","modified_gmt":"2025-07-18T10:53:01","slug":"historia","status":"publish","type":"page","link":"https:\/\/ferreteriaborrull.com\/es\/historia\/","title":{"rendered":"Historia"},"content":{"rendered":"<div data-elementor-type=\"wp-page\" data-elementor-id=\"57\" class=\"elementor elementor-57\" data-elementor-post-type=\"page\">\n\t\t\t\t\t\t<section class=\"elementor-section elementor-top-section elementor-element elementor-element-2313032 elementor-section-boxed elementor-section-height-default elementor-section-height-default\" data-id=\"2313032\" data-element_type=\"section\">\n\t\t\t\t\t\t<div class=\"elementor-container elementor-column-gap-default\">\n\t\t\t\t\t<div class=\"elementor-column elementor-col-100 elementor-top-column elementor-element elementor-element-2efb2c9\" data-id=\"2efb2c9\" data-element_type=\"column\">\n\t\t\t<div class=\"elementor-widget-wrap elementor-element-populated\">\n\t\t\t\t\t\t<div class=\"elementor-element elementor-element-751df41 elementor-widget elementor-widget-spacer\" data-id=\"751df41\" data-element_type=\"widget\" data-widget_type=\"spacer.default\">\n\t\t\t\t<div class=\"elementor-widget-container\">\n\t\t\t\t\t\t\t<div class=\"elementor-spacer\">\n\t\t\t<div class=\"elementor-spacer-inner\"><\/div>\n\t\t<\/div>\n\t\t\t\t\t\t<\/div>\n\t\t\t\t<\/div>\n\t\t\t\t<div class=\"elementor-element elementor-element-8a9275c elementor-widget elementor-widget-heading\" data-id=\"8a9275c\" data-element_type=\"widget\" data-widget_type=\"heading.default\">\n\t\t\t\t<div class=\"elementor-widget-container\">\n\t\t\t\t\t<h2 class=\"elementor-heading-title elementor-size-default\">Historia<\/h2>\t\t\t\t<\/div>\n\t\t\t\t<\/div>\n\t\t\t\t\t<\/div>\n\t\t<\/div>\n\t\t\t\t\t<\/div>\n\t\t<\/section>\n\t\t\t\t<section class=\"elementor-section elementor-top-section elementor-element elementor-element-f484f1e elementor-section-boxed elementor-section-height-default elementor-section-height-default\" data-id=\"f484f1e\" data-element_type=\"section\">\n\t\t\t\t\t\t<div class=\"elementor-container elementor-column-gap-default\">\n\t\t\t\t\t<div class=\"elementor-column elementor-col-100 elementor-top-column elementor-element elementor-element-6f17d1d\" data-id=\"6f17d1d\" data-element_type=\"column\">\n\t\t\t<div class=\"elementor-widget-wrap elementor-element-populated\">\n\t\t\t\t\t\t<div class=\"elementor-element elementor-element-2d204d6 elementor-widget elementor-widget-text-editor\" data-id=\"2d204d6\" data-element_type=\"widget\" data-widget_type=\"text-editor.default\">\n\t\t\t\t<div class=\"elementor-widget-container\">\n\t\t\t\t\t\t\t\t\t<p>En 1965 Miquel Borrull Sibina (1928-2020), con la ayuda de su padre Josep Borrull Reyn\u00e9 (1898-1987) y con una larga experiencia en el mundo del hierro despu\u00e9s de haber trabajado durante 19 y 42 a\u00f1os como apoderado y gerente respectivamente de la empresa Furquet S.A. (almac\u00e9n de hierros) de Barcelona, abren un primer negocio en Sant Celoni.<\/p><p>Una peque\u00f1a tienda en la Carretera Vella n\u00ba 102 donde hab\u00eda los productos de ferreter\u00eda y por la calle Santiago Rusi\u00f1ol n\u00ba 10 un almac\u00e9n dedicado al suministro de perfiles de hierro, calibrados, tubos, aceros y similares. Con el paso de los a\u00f1os, el surtido de productos se fue ampliando poco a poco y finalmente la venta se centr\u00f3 \u00fanicamente en productos de ferreter\u00eda industrial.<\/p><p style=\"margin-top: 0cm; background: white;\"><span style=\"font-family: Roboto;\">A\u00f1os m\u00e1s tarde se incorpor\u00f3 Josep Borrull Coll y en 1997 asume la direcci\u00f3n de la empresa.  \u00c9l es quien establece las bases del negocio, vigentes a\u00fan a d\u00eda de hoy, y comienza un proceso de expansi\u00f3n y profesionalizaci\u00f3n. Se realizan unas obras de mejora y ampliaci\u00f3n, se cierra la hist\u00f3rica tienda de la Carretera Vella y se centraliza toda la actividad en la calle Santiago Rusi\u00f1ol n\u00ba 10 en un local de 500m2.<\/span><\/p>\t\t\t\t\t\t\t\t<\/div>\n\t\t\t\t<\/div>\n\t\t\t\t<div class=\"elementor-element elementor-element-0f537de elementor-widget elementor-widget-text-editor\" data-id=\"0f537de\" data-element_type=\"widget\" data-widget_type=\"text-editor.default\">\n\t\t\t\t<div class=\"elementor-widget-container\">\n\t\t\t\t\t\t\t\t\t<h1 style=\"text-align: center;\"><span style=\"font-size: 1rem;\">El nombre de Borrull ha pasado de padres a hijos como s\u00edmbolo de esfuerzo, trabajo y sacrificio.<\/span><\/h1>\t\t\t\t\t\t\t\t<\/div>\n\t\t\t\t<\/div>\n\t\t\t\t<div class=\"elementor-element elementor-element-29ab0fa elementor-widget elementor-widget-text-editor\" data-id=\"29ab0fa\" data-element_type=\"widget\" data-widget_type=\"text-editor.default\">\n\t\t\t\t<div class=\"elementor-widget-container\">\n\t\t\t\t\t\t\t\t\t<p><span style=\"font-size: 1rem;\">En 2004 se incorpora al negocio su hijo Roger Borrull Terradas y el a\u00f1o 2008 su hermano Jordi Borrull Terradas.<\/span><\/p><p>En 2012, y coincidiendo con un fuerte crecimiento, la empresa se traslada a unas nuevas y modernas instalaciones de 2000m2 situadas entre el n\u00facleo urbano y el pol\u00edgono industrial con aparcamiento y m\u00e1s facilidades para las clientas y los clientes.<\/p><p>A lo largo de los a\u00f1os, y con m\u00e1s de medio siglo de actividad continuada, la empresa se ha ido consolidando convirti\u00e9ndose en un punto de referencia en ferreter\u00eda y suministros industriales de la zona.<\/p><p>Actualmente Borrull se encuentra en un proceso de digitalizaci\u00f3n, crecimiento y expansi\u00f3n.<\/p>\t\t\t\t\t\t\t\t<\/div>\n\t\t\t\t<\/div>\n\t\t\t\t\t<\/div>\n\t\t<\/div>\n\t\t\t\t\t<\/div>\n\t\t<\/section>\n\t\t\t\t<section class=\"elementor-section elementor-top-section elementor-element elementor-element-2e14b5c elementor-section-boxed elementor-section-height-default elementor-section-height-default\" data-id=\"2e14b5c\" data-element_type=\"section\">\n\t\t\t\t\t\t<div class=\"elementor-container elementor-column-gap-default\">\n\t\t\t\t\t<div class=\"elementor-column elementor-col-33 elementor-top-column elementor-element elementor-element-7b018fe\" data-id=\"7b018fe\" data-element_type=\"column\">\n\t\t\t<div class=\"elementor-widget-wrap elementor-element-populated\">\n\t\t\t\t\t\t<div class=\"elementor-element elementor-element-1131fdb elementor-widget elementor-widget-image\" data-id=\"1131fdb\" data-element_type=\"widget\" data-widget_type=\"image.default\">\n\t\t\t\t<div class=\"elementor-widget-container\">\n\t\t\t\t\t\t\t\t\t\t\t\t\t\t\t<img fetchpriority=\"high\" decoding=\"async\" width=\"718\" height=\"1024\" src=\"https:\/\/ferreteriaborrull.com\/wp-content\/uploads\/2021\/12\/historia-1-718x1024.jpg\" class=\"attachment-large size-large wp-image-72\" alt=\"Document historic ferreteria borrull\" srcset=\"https:\/\/ferreteriaborrull.com\/wp-content\/uploads\/2021\/12\/historia-1-718x1024.jpg 718w, https:\/\/ferreteriaborrull.com\/wp-content\/uploads\/2021\/12\/historia-1-210x300.jpg 210w, https:\/\/ferreteriaborrull.com\/wp-content\/uploads\/2021\/12\/historia-1-768x1095.jpg 768w, https:\/\/ferreteriaborrull.com\/wp-content\/uploads\/2021\/12\/historia-1-1077x1536.jpg 1077w, https:\/\/ferreteriaborrull.com\/wp-content\/uploads\/2021\/12\/historia-1.jpg 1206w\" sizes=\"(max-width: 718px) 100vw, 718px\" \/>\t\t\t\t\t\t\t\t\t\t\t\t\t\t\t<\/div>\n\t\t\t\t<\/div>\n\t\t\t\t\t<\/div>\n\t\t<\/div>\n\t\t\t\t<div class=\"elementor-column elementor-col-33 elementor-top-column elementor-element elementor-element-ed20477\" data-id=\"ed20477\" data-element_type=\"column\">\n\t\t\t<div class=\"elementor-widget-wrap elementor-element-populated\">\n\t\t\t\t\t\t<div class=\"elementor-element elementor-element-a719bef elementor-widget elementor-widget-image\" data-id=\"a719bef\" data-element_type=\"widget\" data-widget_type=\"image.default\">\n\t\t\t\t<div class=\"elementor-widget-container\">\n\t\t\t\t\t\t\t\t\t\t\t\t\t\t\t<img decoding=\"async\" width=\"600\" height=\"943\" src=\"https:\/\/ferreteriaborrull.com\/wp-content\/uploads\/2021\/12\/historia-2.jpg\" class=\"attachment-large size-large wp-image-74\" alt=\"Document historic ferreteria borrull\" srcset=\"https:\/\/ferreteriaborrull.com\/wp-content\/uploads\/2021\/12\/historia-2.jpg 600w, https:\/\/ferreteriaborrull.com\/wp-content\/uploads\/2021\/12\/historia-2-191x300.jpg 191w\" sizes=\"(max-width: 600px) 100vw, 600px\" \/>\t\t\t\t\t\t\t\t\t\t\t\t\t\t\t<\/div>\n\t\t\t\t<\/div>\n\t\t\t\t\t<\/div>\n\t\t<\/div>\n\t\t\t\t<div class=\"elementor-column elementor-col-33 elementor-top-column elementor-element elementor-element-54abcf8\" data-id=\"54abcf8\" data-element_type=\"column\">\n\t\t\t<div class=\"elementor-widget-wrap elementor-element-populated\">\n\t\t\t\t\t\t<div class=\"elementor-element elementor-element-ca2c981 elementor-widget elementor-widget-image\" data-id=\"ca2c981\" data-element_type=\"widget\" data-widget_type=\"image.default\">\n\t\t\t\t<div class=\"elementor-widget-container\">\n\t\t\t\t\t\t\t\t\t\t\t\t\t\t\t<img decoding=\"async\" width=\"621\" height=\"600\" src=\"https:\/\/ferreteriaborrull.com\/wp-content\/uploads\/2021\/12\/historia-3.jpg\" class=\"attachment-large size-large wp-image-73\" alt=\"Document historic ferreteria borrull\" srcset=\"https:\/\/ferreteriaborrull.com\/wp-content\/uploads\/2021\/12\/historia-3.jpg 621w, https:\/\/ferreteriaborrull.com\/wp-content\/uploads\/2021\/12\/historia-3-300x290.jpg 300w\" sizes=\"(max-width: 621px) 100vw, 621px\" \/>\t\t\t\t\t\t\t\t\t\t\t\t\t\t\t<\/div>\n\t\t\t\t<\/div>\n\t\t\t\t\t<\/div>\n\t\t<\/div>\n\t\t\t\t\t<\/div>\n\t\t<\/section>\n\t\t\t\t<\/div>","protected":false},"excerpt":{"rendered":"<p>Hist\u00f2ria L\u2019any 1965 Miquel Borrull Sibina (1928 \u2013 2020) amb l\u2019ajuda del seu pare Josep Borrull Reyn\u00e9 (1898 \u2013 1987) i amb una llarga experi\u00e8ncia dins el m\u00f3n del ferro despr\u00e8s d\u2019haver treballat durant 19 i 42 anys com a apoderat i gerent respectivament de l\u2019empresa Furquet S.A. (magatzem de ferros) de Barcelona, obren un [&hellip;]<\/p>","protected":false},"author":1,"featured_media":0,"parent":0,"menu_order":0,"comment_status":"closed","ping_status":"open","template":"","meta":{"footnotes":""},"class_list":["post-57","page","type-page","status-publish","hentry"],"_links":{"self":[{"href":"https:\/\/ferreteriaborrull.com\/es\/wp-json\/wp\/v2\/pages\/57","targetHints":{"allow":["GET"]}}],"collection":[{"href":"https:\/\/ferreteriaborrull.com\/es\/wp-json\/wp\/v2\/pages"}],"about":[{"href":"https:\/\/ferreteriaborrull.com\/es\/wp-json\/wp\/v2\/types\/page"}],"author":[{"embeddable":true,"href":"https:\/\/ferreteriaborrull.com\/es\/wp-json\/wp\/v2\/users\/1"}],"replies":[{"embeddable":true,"href":"https:\/\/ferreteriaborrull.com\/es\/wp-json\/wp\/v2\/comments?post=57"}],"version-history":[{"count":28,"href":"https:\/\/ferreteriaborrull.com\/es\/wp-json\/wp\/v2\/pages\/57\/revisions"}],"predecessor-version":[{"id":898,"href":"https:\/\/ferreteriaborrull.com\/es\/wp-json\/wp\/v2\/pages\/57\/revisions\/898"}],"wp:attachment":[{"href":"https:\/\/ferreteriaborrull.com\/es\/wp-json\/wp\/v2\/media?parent=57"}],"curies":[{"name":"wp","href":"https:\/\/api.w.org\/{rel}","templated":true}]}}