{"id":716,"date":"2024-03-21T10:05:17","date_gmt":"2024-03-21T10:05:17","guid":{"rendered":"https:\/\/ferreteriaborrull.com\/?page_id=716"},"modified":"2025-07-18T10:40:57","modified_gmt":"2025-07-18T10:40:57","slug":"adhesions","status":"publish","type":"page","link":"https:\/\/ferreteriaborrull.com\/es\/adhesions\/","title":{"rendered":"Adhesiones"},"content":{"rendered":"<div data-elementor-type=\"wp-page\" data-elementor-id=\"716\" class=\"elementor elementor-716\" data-elementor-post-type=\"page\">\n\t\t\t\t<div class=\"elementor-element elementor-element-46ecf17 e-flex e-con-boxed e-con e-parent\" data-id=\"46ecf17\" data-element_type=\"container\">\n\t\t\t\t\t<div class=\"e-con-inner\">\n\t\t<div class=\"elementor-element elementor-element-082f994 e-flex e-con-boxed e-con e-child\" data-id=\"082f994\" data-element_type=\"container\">\n\t\t\t\t\t<div class=\"e-con-inner\">\n\t\t<div class=\"elementor-element elementor-element-5793ef7 e-flex e-con-boxed e-con e-child\" data-id=\"5793ef7\" data-element_type=\"container\">\n\t\t\t\t\t<div class=\"e-con-inner\">\n\t\t\t\t<div class=\"elementor-element elementor-element-08dfb0a elementor-widget elementor-widget-heading\" data-id=\"08dfb0a\" data-element_type=\"widget\" data-widget_type=\"heading.default\">\n\t\t\t\t<div class=\"elementor-widget-container\">\n\t\t\t\t\t<h3 class=\"elementor-heading-title elementor-size-default\">Coferdroza<\/h3>\t\t\t\t<\/div>\n\t\t\t\t<\/div>\n\t\t<div class=\"elementor-element elementor-element-925e179 e-flex e-con-boxed e-con e-child\" data-id=\"925e179\" data-element_type=\"container\">\n\t\t\t\t\t<div class=\"e-con-inner\">\n\t\t\t\t<div class=\"elementor-element elementor-element-8175f23 elementor-widget elementor-widget-text-editor\" data-id=\"8175f23\" data-element_type=\"widget\" data-widget_type=\"text-editor.default\">\n\t\t\t\t<div class=\"elementor-widget-container\">\n\t\t\t\t\t\t\t\t\t<p>Coferdroza es una de las cooperativas l\u00edderes en el sector de la ferreter\u00eda, bricolaje y suministros industriales, con m\u00e1s de 275 socios en toda Espa\u00f1a.<\/p>\t\t\t\t\t\t\t\t<\/div>\n\t\t\t\t<\/div>\n\t\t\t\t<div class=\"elementor-element elementor-element-f36babc elementor-widget elementor-widget-image\" data-id=\"f36babc\" data-element_type=\"widget\" data-widget_type=\"image.default\">\n\t\t\t\t<div class=\"elementor-widget-container\">\n\t\t\t\t\t\t\t\t\t\t\t\t\t\t\t<img fetchpriority=\"high\" decoding=\"async\" width=\"768\" height=\"294\" src=\"https:\/\/ferreteriaborrull.com\/wp-content\/uploads\/2023\/07\/conferdroza-logo-768x294.jpg\" class=\"attachment-medium_large size-medium_large wp-image-681\" alt=\"Logo coferdroza\" srcset=\"https:\/\/ferreteriaborrull.com\/wp-content\/uploads\/2023\/07\/conferdroza-logo-768x294.jpg 768w, https:\/\/ferreteriaborrull.com\/wp-content\/uploads\/2023\/07\/conferdroza-logo-300x115.jpg 300w, https:\/\/ferreteriaborrull.com\/wp-content\/uploads\/2023\/07\/conferdroza-logo-1024x392.jpg 1024w, https:\/\/ferreteriaborrull.com\/wp-content\/uploads\/2023\/07\/conferdroza-logo-1536x587.jpg 1536w, https:\/\/ferreteriaborrull.com\/wp-content\/uploads\/2023\/07\/conferdroza-logo-2048x783.jpg 2048w, https:\/\/ferreteriaborrull.com\/wp-content\/uploads\/2023\/07\/conferdroza-logo-18x7.jpg 18w\" sizes=\"(max-width: 768px) 100vw, 768px\" \/>\t\t\t\t\t\t\t\t\t\t\t\t\t\t\t<\/div>\n\t\t\t\t<\/div>\n\t\t\t\t\t<\/div>\n\t\t\t\t<\/div>\n\t\t\t\t\t<\/div>\n\t\t\t\t<\/div>\n\t\t<div class=\"elementor-element elementor-element-e3d6fb2 e-flex e-con-boxed e-con e-child\" data-id=\"e3d6fb2\" data-element_type=\"container\">\n\t\t\t\t\t<div class=\"e-con-inner\">\n\t\t\t\t<div class=\"elementor-element elementor-element-56d2fa8 elementor-widget elementor-widget-heading\" data-id=\"56d2fa8\" data-element_type=\"widget\" data-widget_type=\"heading.default\">\n\t\t\t\t<div class=\"elementor-widget-container\">\n\t\t\t\t\t<h3 class=\"elementor-heading-title elementor-size-default\">Gremi de ferreteria de Catalunya<\/h3>\t\t\t\t<\/div>\n\t\t\t\t<\/div>\n\t\t<div class=\"elementor-element elementor-element-6c0a33b e-flex e-con-boxed e-con e-child\" data-id=\"6c0a33b\" data-element_type=\"container\">\n\t\t\t\t\t<div class=\"e-con-inner\">\n\t\t\t\t<div class=\"elementor-element elementor-element-51e54ad elementor-widget elementor-widget-text-editor\" data-id=\"51e54ad\" data-element_type=\"widget\" data-widget_type=\"text-editor.default\">\n\t\t\t\t<div class=\"elementor-widget-container\">\n\t\t\t\t\t\t\t\t\t<p>El Gremi de comerciants de ferreteria de Catalunya es una asociaci\u00f3n que tiene como principales objetivos representar al comerciante de ferreter\u00eda, suministro industrial, bricolaje y equipamiento para el hogar ante la Administraci\u00f3n y las instituciones p\u00fablicas y privadas. Adem\u00e1s, defiende los intereses del sector y colabora en la formaci\u00f3n social y profesional del mismo.<\/p>\t\t\t\t\t\t\t\t<\/div>\n\t\t\t\t<\/div>\n\t\t\t\t<div class=\"elementor-element elementor-element-ac7c192 elementor-widget elementor-widget-image\" data-id=\"ac7c192\" data-element_type=\"widget\" data-widget_type=\"image.default\">\n\t\t\t\t<div class=\"elementor-widget-container\">\n\t\t\t\t\t\t\t\t\t\t\t\t\t\t\t<img decoding=\"async\" width=\"900\" height=\"308\" src=\"https:\/\/ferreteriaborrull.com\/wp-content\/uploads\/2023\/07\/gremi.webp\" class=\"attachment-2048x2048 size-2048x2048 wp-image-689\" alt=\"logo gremi\" srcset=\"https:\/\/ferreteriaborrull.com\/wp-content\/uploads\/2023\/07\/gremi.webp 900w, https:\/\/ferreteriaborrull.com\/wp-content\/uploads\/2023\/07\/gremi-300x103.webp 300w, https:\/\/ferreteriaborrull.com\/wp-content\/uploads\/2023\/07\/gremi-768x263.webp 768w, https:\/\/ferreteriaborrull.com\/wp-content\/uploads\/2023\/07\/gremi-18x6.webp 18w\" sizes=\"(max-width: 900px) 100vw, 900px\" \/>\t\t\t\t\t\t\t\t\t\t\t\t\t\t\t<\/div>\n\t\t\t\t<\/div>\n\t\t\t\t\t<\/div>\n\t\t\t\t<\/div>\n\t\t\t\t\t<\/div>\n\t\t\t\t<\/div>\n\t\t<div class=\"elementor-element elementor-element-a1e54ab e-flex e-con-boxed e-con e-child\" data-id=\"a1e54ab\" data-element_type=\"container\">\n\t\t\t\t\t<div class=\"e-con-inner\">\n\t\t\t\t<div class=\"elementor-element elementor-element-7f787ae elementor-widget elementor-widget-heading\" data-id=\"7f787ae\" data-element_type=\"widget\" data-widget_type=\"heading.default\">\n\t\t\t\t<div class=\"elementor-widget-container\">\n\t\t\t\t\t<h3 class=\"elementor-heading-title elementor-size-default\">Xarxa Industrial<\/h3>\t\t\t\t<\/div>\n\t\t\t\t<\/div>\n\t\t<div class=\"elementor-element elementor-element-67f45b7 e-flex e-con-boxed e-con e-child\" data-id=\"67f45b7\" data-element_type=\"container\">\n\t\t\t\t\t<div class=\"e-con-inner\">\n\t\t\t\t<div class=\"elementor-element elementor-element-a6833f7 elementor-widget elementor-widget-text-editor\" data-id=\"a6833f7\" data-element_type=\"widget\" data-widget_type=\"text-editor.default\">\n\t\t\t\t<div class=\"elementor-widget-container\">\n\t\t\t\t\t\t\t\t\t<p>Es una herramienta de comunicaci\u00f3n que permite descubrir las Industrias y Negocios activos de Catalu\u00f1a a trav\u00e9s del directorio de poblaciones y el buscador por Sectores y Especialidades. La Xarxa Industrial es una herramienta que permite mostrar nuestros servicios, productos y especialidades.\u00a0<\/p>\t\t\t\t\t\t\t\t<\/div>\n\t\t\t\t<\/div>\n\t\t\t\t<div class=\"elementor-element elementor-element-802a528 elementor-widget elementor-widget-image\" data-id=\"802a528\" data-element_type=\"widget\" data-widget_type=\"image.default\">\n\t\t\t\t<div class=\"elementor-widget-container\">\n\t\t\t\t\t\t\t\t\t\t\t\t\t\t\t<img decoding=\"async\" width=\"600\" height=\"113\" src=\"https:\/\/ferreteriaborrull.com\/wp-content\/uploads\/2023\/07\/xarxa-industrial.png\" class=\"attachment-medium_large size-medium_large wp-image-682\" alt=\"\" srcset=\"https:\/\/ferreteriaborrull.com\/wp-content\/uploads\/2023\/07\/xarxa-industrial.png 600w, https:\/\/ferreteriaborrull.com\/wp-content\/uploads\/2023\/07\/xarxa-industrial-300x57.png 300w, https:\/\/ferreteriaborrull.com\/wp-content\/uploads\/2023\/07\/xarxa-industrial-18x3.png 18w\" sizes=\"(max-width: 600px) 100vw, 600px\" \/>\t\t\t\t\t\t\t\t\t\t\t\t\t\t\t<\/div>\n\t\t\t\t<\/div>\n\t\t\t\t\t<\/div>\n\t\t\t\t<\/div>\n\t\t\t\t\t<\/div>\n\t\t\t\t<\/div>\n\t\t\t\t\t<\/div>\n\t\t\t\t<\/div>\n\t\t\t\t\t<\/div>\n\t\t\t\t<\/div>\n\t\t\t\t<\/div>","protected":false},"excerpt":{"rendered":"<p>Coferdroza Coferdroza \u00e9s una de les cooperatives l\u00edders en el sector de la Ferreteria, Bricolatge i Suministraments industrials, amb m\u00e9s de 275 socis arreu d&#8217;Espanya. Gremi de ferreteria de Catalunya El Gremi de comerciants de ferreteria de Catalunya \u00e9s una associaci\u00f3 que t\u00e9 com a principals objectius representar al comerciant de ferreteria, subministrament industrial, bricolatge [&hellip;]<\/p>","protected":false},"author":1,"featured_media":0,"parent":0,"menu_order":0,"comment_status":"closed","ping_status":"open","template":"","meta":{"footnotes":""},"class_list":["post-716","page","type-page","status-publish","hentry"],"_links":{"self":[{"href":"https:\/\/ferreteriaborrull.com\/es\/wp-json\/wp\/v2\/pages\/716","targetHints":{"allow":["GET"]}}],"collection":[{"href":"https:\/\/ferreteriaborrull.com\/es\/wp-json\/wp\/v2\/pages"}],"about":[{"href":"https:\/\/ferreteriaborrull.com\/es\/wp-json\/wp\/v2\/types\/page"}],"author":[{"embeddable":true,"href":"https:\/\/ferreteriaborrull.com\/es\/wp-json\/wp\/v2\/users\/1"}],"replies":[{"embeddable":true,"href":"https:\/\/ferreteriaborrull.com\/es\/wp-json\/wp\/v2\/comments?post=716"}],"version-history":[{"count":10,"href":"https:\/\/ferreteriaborrull.com\/es\/wp-json\/wp\/v2\/pages\/716\/revisions"}],"predecessor-version":[{"id":890,"href":"https:\/\/ferreteriaborrull.com\/es\/wp-json\/wp\/v2\/pages\/716\/revisions\/890"}],"wp:attachment":[{"href":"https:\/\/ferreteriaborrull.com\/es\/wp-json\/wp\/v2\/media?parent=716"}],"curies":[{"name":"wp","href":"https:\/\/api.w.org\/{rel}","templated":true}]}}