{"id":94,"date":"2021-12-09T16:27:54","date_gmt":"2021-12-09T16:27:54","guid":{"rendered":"https:\/\/ferreteriaborrull.com\/?page_id=94"},"modified":"2025-10-21T09:50:58","modified_gmt":"2025-10-21T09:50:58","slug":"valors","status":"publish","type":"page","link":"https:\/\/ferreteriaborrull.com\/es\/valors\/","title":{"rendered":"Valores"},"content":{"rendered":"<div data-elementor-type=\"wp-page\" data-elementor-id=\"94\" class=\"elementor elementor-94\" data-elementor-post-type=\"page\">\n\t\t\t\t\t\t<section class=\"elementor-section elementor-top-section elementor-element elementor-element-48418e1 elementor-section-boxed elementor-section-height-default elementor-section-height-default\" data-id=\"48418e1\" data-element_type=\"section\">\n\t\t\t\t\t\t<div class=\"elementor-container elementor-column-gap-default\">\n\t\t\t\t\t<div class=\"elementor-column elementor-col-100 elementor-top-column elementor-element elementor-element-0ccff2e\" data-id=\"0ccff2e\" data-element_type=\"column\">\n\t\t\t<div class=\"elementor-widget-wrap elementor-element-populated\">\n\t\t\t\t\t\t<div class=\"elementor-element elementor-element-4399ff5 elementor-widget elementor-widget-spacer\" data-id=\"4399ff5\" data-element_type=\"widget\" data-widget_type=\"spacer.default\">\n\t\t\t\t<div class=\"elementor-widget-container\">\n\t\t\t\t\t\t\t<div class=\"elementor-spacer\">\n\t\t\t<div class=\"elementor-spacer-inner\"><\/div>\n\t\t<\/div>\n\t\t\t\t\t\t<\/div>\n\t\t\t\t<\/div>\n\t\t\t\t<div class=\"elementor-element elementor-element-b06e542 elementor-widget elementor-widget-heading\" data-id=\"b06e542\" data-element_type=\"widget\" data-widget_type=\"heading.default\">\n\t\t\t\t<div class=\"elementor-widget-container\">\n\t\t\t\t\t<h2 class=\"elementor-heading-title elementor-size-default\">Misi\u00f3n - Visi\u00f3n - Valores<\/h2>\t\t\t\t<\/div>\n\t\t\t\t<\/div>\n\t\t\t\t<div class=\"elementor-element elementor-element-e2ed8f4 elementor-widget elementor-widget-spacer\" data-id=\"e2ed8f4\" data-element_type=\"widget\" data-widget_type=\"spacer.default\">\n\t\t\t\t<div class=\"elementor-widget-container\">\n\t\t\t\t\t\t\t<div class=\"elementor-spacer\">\n\t\t\t<div class=\"elementor-spacer-inner\"><\/div>\n\t\t<\/div>\n\t\t\t\t\t\t<\/div>\n\t\t\t\t<\/div>\n\t\t\t\t\t<\/div>\n\t\t<\/div>\n\t\t\t\t\t<\/div>\n\t\t<\/section>\n\t\t<div class=\"elementor-element elementor-element-487b632 e-flex e-con-boxed e-con e-parent\" data-id=\"487b632\" data-element_type=\"container\">\n\t\t\t\t\t<div class=\"e-con-inner\">\n\t\t\t\t<div class=\"elementor-element elementor-element-0cefed6 elementor-widget elementor-widget-html\" data-id=\"0cefed6\" data-element_type=\"widget\" data-widget_type=\"html.default\">\n\t\t\t\t<div class=\"elementor-widget-container\">\n\t\t\t\t\t<!-- Secci\u00f3 Missi\u00f3 - Visi\u00f3 - Valors -->\r\n<section style=\"padding:60px 0;; font-family:'Inter',sans-serif;\">\r\n  <div style=\"max-width:1200px; margin:0 auto; text-align:center;\">\r\n\r\n    <div style=\"display:grid; grid-template-columns:repeat(auto-fit,minmax(280px,1fr)); gap:30px;\">\r\n      \r\n      <!-- Targeta Missi\u00f3 -->\r\n      <div style=\"background:#fff; border-radius:20px; padding:30px; box-shadow:0 6px 20px rgba(0,0,0,0.08); transition:all 0.3s ease;\">\r\n        <div style=\"width:70px; height:70px; margin:0 auto 20px; border-radius:50%; display:flex; align-items:center; justify-content:center;\">\r\n          <span style=\"font-size:34px; color:#fff;\">\u2714\ufe0f<\/span>\r\n        <\/div>\r\n        <h3 style=\"font-size:22px; font-weight:600; color:#184b62; margin-bottom:15px;\">Misi\u00f3n<\/h3>\r\n        <p style=\"color:#444; font-size:16px; line-height:1.5;\">\r\n          Acompa\u00f1ar a empresas y profesionales en sus proyectos de mantenimiento y producci\u00f3n, ofreciendo soluciones industriales y de ferreter\u00eda con rapidez, proximidad y eficacia.\r\n        <\/p>\r\n      <\/div>\r\n\r\n      <!-- Targeta Visi\u00f3 -->\r\n      <div style=\"background:#fff; border-radius:20px; padding:30px; box-shadow:0 6px 20px rgba(0,0,0,0.08); transition:all 0.3s ease;\">\r\n        <div style=\"width:70px; height:70px; margin:0 auto 20px; border-radius:50%;; display:flex; align-items:center; justify-content:center;\">\r\n          <span style=\"font-size:34px; color:#fff;\">\ud83d\udc41\ufe0f<\/span>\r\n        <\/div>\r\n        <h3 style=\"font-size:22px; font-weight:600; color:#184b62; margin-bottom:15px;\">Visi\u00f3n<\/h3>\r\n        <p style=\"color:#444; font-size:16px; line-height:1.5;\">\r\n          Consolidarnos como referente en suministros industriales y ferreter\u00eda en nuestra zona, creciendo con una estructura moderna, digital y sostenible.\r\n        <\/p>\r\n      <\/div>\r\n\r\n      <!-- Targeta Valors -->\r\n      <div style=\"background:#fff; border-radius:20px; padding:30px; box-shadow:0 6px 20px rgba(0,0,0,0.08); transition:all 0.3s ease;\">\r\n        <div style=\"width:70px; height:70px; margin:0 auto 20px; border-radius:50%; display:flex; align-items:center; justify-content:center;\">\r\n          <span style=\"font-size:34px; color:#184b62;\">\ud83e\udd1d<\/span>\r\n        <\/div>\r\n        <h3 style=\"font-size:22px; font-weight:600; color:#184b62; margin-bottom:15px;\">Valores<\/h3>\r\n        <ul style=\"list-style:none; padding:0; margin:0; color:#444; font-size:16px; line-height:1.8; text-align:center; display:inline-block;\">\r\n          <li>Orientaci\u00f3n al cliente<\/li>\r\n          <li>Compromiso<\/li>\r\n          <li>Flexibilidad<\/li>\r\n          <li>Seriosidad<\/li>\r\n          <li>Humildad y proximidad<\/li>\r\n          <li>Innovaci\u00f3n y crecimiento<\/li>\r\n        <\/ul>\r\n      <\/div>\r\n\r\n    <\/div>\r\n  <\/div>\r\n<\/section>\r\n\r\n<style>\r\n  \/* Efecte hover targetes *\/\r\n  section div[style*=\"box-shadow\"]:hover {\r\n    transform: translateY(-8px);\r\n    box-shadow: 0 12px 30px rgba(0,0,0,0.15) !important;\r\n  }\r\n<\/style>\r\n\t\t\t\t<\/div>\n\t\t\t\t<\/div>\n\t\t\t\t\t<\/div>\n\t\t\t\t<\/div>\n\t\t<div class=\"elementor-element elementor-element-be15289 e-flex e-con-boxed e-con e-parent\" data-id=\"be15289\" data-element_type=\"container\">\n\t\t\t\t\t<div class=\"e-con-inner\">\n\t\t\t\t<div class=\"elementor-element elementor-element-eca4005 elementor-widget elementor-widget-spacer\" data-id=\"eca4005\" data-element_type=\"widget\" data-widget_type=\"spacer.default\">\n\t\t\t\t<div class=\"elementor-widget-container\">\n\t\t\t\t\t\t\t<div class=\"elementor-spacer\">\n\t\t\t<div class=\"elementor-spacer-inner\"><\/div>\n\t\t<\/div>\n\t\t\t\t\t\t<\/div>\n\t\t\t\t<\/div>\n\t\t\t\t\t<\/div>\n\t\t\t\t<\/div>\n\t\t\t\t<\/div>","protected":false},"excerpt":{"rendered":"<p>Missi\u00f3 &#8211; Visi\u00f3 &#8211; Valors \u2714\ufe0f Missi\u00f3 Acompanyar empreses i professionals en els seus projectes de manteniment i producci\u00f3, oferint solucions industrials i de ferreteria amb rapidesa, proximitat i efic\u00e0cia. \ud83d\udc41\ufe0f Visi\u00f3 Consolidar-nos com el referent de subministraments industrials i ferreteria de la nostra zona, creixent amb una estructura moderna, digital i sostenible. \ud83e\udd1d Valors [&hellip;]<\/p>","protected":false},"author":1,"featured_media":0,"parent":0,"menu_order":0,"comment_status":"closed","ping_status":"open","template":"","meta":{"footnotes":""},"class_list":["post-94","page","type-page","status-publish","hentry"],"_links":{"self":[{"href":"https:\/\/ferreteriaborrull.com\/es\/wp-json\/wp\/v2\/pages\/94","targetHints":{"allow":["GET"]}}],"collection":[{"href":"https:\/\/ferreteriaborrull.com\/es\/wp-json\/wp\/v2\/pages"}],"about":[{"href":"https:\/\/ferreteriaborrull.com\/es\/wp-json\/wp\/v2\/types\/page"}],"author":[{"embeddable":true,"href":"https:\/\/ferreteriaborrull.com\/es\/wp-json\/wp\/v2\/users\/1"}],"replies":[{"embeddable":true,"href":"https:\/\/ferreteriaborrull.com\/es\/wp-json\/wp\/v2\/comments?post=94"}],"version-history":[{"count":40,"href":"https:\/\/ferreteriaborrull.com\/es\/wp-json\/wp\/v2\/pages\/94\/revisions"}],"predecessor-version":[{"id":9793,"href":"https:\/\/ferreteriaborrull.com\/es\/wp-json\/wp\/v2\/pages\/94\/revisions\/9793"}],"wp:attachment":[{"href":"https:\/\/ferreteriaborrull.com\/es\/wp-json\/wp\/v2\/media?parent=94"}],"curies":[{"name":"wp","href":"https:\/\/api.w.org\/{rel}","templated":true}]}}